{"id":12122,"date":"2025-12-10T20:02:30","date_gmt":"2025-12-10T19:02:30","guid":{"rendered":"https:\/\/spielkonso-shop.com\/?page_id=12122"},"modified":"2025-12-11T22:26:31","modified_gmt":"2025-12-11T21:26:31","slug":"rechtliche-hinweise","status":"publish","type":"page","link":"https:\/\/spielkonso-shop.com\/?page_id=12122","title":{"rendered":"Rechtliche Hinweise"},"content":{"rendered":"\t\t<div data-elementor-type=\"wp-page\" data-elementor-id=\"12122\" class=\"elementor elementor-12122\">\n\t\t\t\t<div class=\"elementor-element elementor-element-c9c5f21 e-flex e-con-boxed wd-section-disabled e-con e-parent\" data-id=\"c9c5f21\" data-element_type=\"container\">\n\t\t\t\t\t<div class=\"e-con-inner\">\n\t\t\t\t<div class=\"elementor-element elementor-element-58be37f elementor-widget elementor-widget-wd_title\" data-id=\"58be37f\" data-element_type=\"widget\" data-widget_type=\"wd_title.default\">\n\t\t\t\t<div class=\"elementor-widget-container\">\n\t\t\t\t\t\t\t\t<link rel=\"stylesheet\" id=\"wd-section-title-css\" href=\"https:\/\/spielkonso-shop.com\/wp-content\/themes\/Woodmart\/WoodMart%20Theme\/css\/parts\/el-section-title.min.css?ver=7.3.2\" type=\"text\/css\" media=\"all\" \/> \t\t\t\t\t<div class=\"title-wrapper set-mb-s reset-last-child wd-title-color-default wd-title-style-default wd-title-size-default text-left\">\n\n\t\t\t\n\t\t\t<div class=\"liner-continer\">\n\t\t\t\t<h4 class=\"woodmart-title-container title wd-fontsize-l\"><\/h4> \n\t\t\t\t\t\t\t<\/div>\n\n\t\t\t\t\t\t\t<div class=\"title-after_title set-cont-mb-s reset-last-child wd-fontsize-xs\">\n\t\t\t\t\t<p><strong>Spielkonso Shop<\/strong><br \/>Telefon: +49 1521 2506300<br \/>E-Mail: <a class=\"decorated-link cursor-pointer\" rel=\"noopener\">info@spielkonso-shop.com<\/a><br \/>Website: <a class=\"decorated-link\" href=\"http:\/\/www.spielkonso-shop.com\" target=\"_new\" rel=\"noopener\">www.spielkonso-shop.com<\/a><\/p><h2><strong>1. Anbieterinformationen<\/strong><\/h2><p>Spielkonso Shop<br \/><br \/><\/p><h2><strong>2. Verantwortlich f\u00fcr den Inhalt<\/strong><\/h2><p>Spielkonso Shop<br \/>E-Mail: <a class=\"decorated-link cursor-pointer\" rel=\"noopener\">info@spielkonso-shop.com<\/a><br \/>Telefon: +49 1521 2506300<\/p><h2><strong>3. Haftung f\u00fcr Inhalte<\/strong><\/h2><p>Die Inhalte unserer Website wurden mit gr\u00f6\u00dfter Sorgfalt erstellt.<br \/>F\u00fcr die Richtigkeit, Vollst\u00e4ndigkeit und Aktualit\u00e4t der Inhalte k\u00f6nnen wir jedoch keine Gew\u00e4hr \u00fcbernehmen.<br \/>Wir behalten uns das Recht vor, Inhalte jederzeit zu \u00e4ndern oder zu entfernen.<\/p><h2><strong>4. Haftung f\u00fcr Links<\/strong><\/h2><p>Unsere Website enth\u00e4lt Links zu externen Webseiten Dritter, auf deren Inhalte wir keinen Einfluss haben.<br \/>F\u00fcr diese fremden Inhalte \u00fcbernehmen wir keine Haftung.<br \/>F\u00fcr die Inhalte der verlinkten Seiten ist stets der jeweilige Anbieter oder Betreiber verantwortlich.<\/p><h2><strong>5. Urheberrecht<\/strong><\/h2><p>Alle Inhalte, Texte, Bilder, Logos und Grafiken auf dieser Website sind urheberrechtlich gesch\u00fctzt.<br \/>Die Vervielf\u00e4ltigung, Bearbeitung, Verbreitung oder jede Art der Nutzung au\u00dferhalb der Grenzen des Urheberrechts bedarf der <strong>schriftlichen Zustimmung<\/strong> des Rechteinhabers.<\/p><p>Downloads und Kopien dieser Seite sind nur f\u00fcr den privaten, nicht kommerziellen Gebrauch erlaubt.<\/p><h2><strong>6. Markenhinweis<\/strong><\/h2><p>Alle auf dieser Website genannten Marken, Produktnamen und Logos sind Eigentum der jeweiligen Inhaber.<br \/>Die Nennung von Marken dient ausschlie\u00dflich der Beschreibung der Produkte.<\/p><h2><strong>7. Online-Streitbeilegung<\/strong><\/h2><p>Die Europ\u00e4ische Kommission stellt eine Plattform zur Online-Streitbeilegung (OS-Plattform) bereit:<br \/><a class=\"decorated-link cursor-pointer\" target=\"_new\" rel=\"noopener\">https:\/\/ec.europa.eu\/consumers\/odr<\/a><\/p><p>Wir sind weder verpflichtet noch bereit, an Streitbeilegungsverfahren vor einer Verbraucherschlichtungsstelle teilzunehmen.<\/p><h2><strong>8. Datenschutz<\/strong><\/h2><p>Informationen zur Verarbeitung personenbezogener Daten findest du in unserer <strong>Datenschutzerkl\u00e4rung<\/strong>.<\/p><h2><strong>9. \u00c4nderungen der rechtlichen Hinweise<\/strong><\/h2><p>Wir behalten uns das Recht vor, diese rechtlichen Hinweise jederzeit zu aktualisieren.<br \/>Die jeweils aktuelle Version ist auf unserer Website einsehbar.<\/p>\t\t\t\t<\/div>\n\t\t\t\t\t<\/div>\n\t\t\t\t\t\t<\/div>\n\t\t\t\t<\/div>\n\t\t\t\t\t<\/div>\n\t\t\t\t<\/div>\n\t\t\t\t<\/div>\n\t\t","protected":false},"excerpt":{"rendered":"<p>Spielkonso ShopTelefon: +49 1521 2506300E-Mail: info@spielkonso-shop.comWebsite: www.spielkonso-shop.com 1. Anbieterinformationen Spielkonso Shop 2. Verantwortlich f\u00fcr den Inhalt Spielkonso ShopE-Mail: info@spielkonso-shop.comTelefon: +49<\/p>\n","protected":false},"author":1,"featured_media":0,"parent":0,"menu_order":0,"comment_status":"closed","ping_status":"closed","template":"elementor_header_footer","meta":{"_acf_changed":false,"footnotes":""},"class_list":["post-12122","page","type-page","status-publish","hentry"],"acf":[],"_hostinger_reach_plugin_has_subscription_block":false,"_hostinger_reach_plugin_is_elementor":false,"_links":{"self":[{"href":"https:\/\/spielkonso-shop.com\/index.php?rest_route=\/wp\/v2\/pages\/12122","targetHints":{"allow":["GET"]}}],"collection":[{"href":"https:\/\/spielkonso-shop.com\/index.php?rest_route=\/wp\/v2\/pages"}],"about":[{"href":"https:\/\/spielkonso-shop.com\/index.php?rest_route=\/wp\/v2\/types\/page"}],"author":[{"embeddable":true,"href":"https:\/\/spielkonso-shop.com\/index.php?rest_route=\/wp\/v2\/users\/1"}],"replies":[{"embeddable":true,"href":"https:\/\/spielkonso-shop.com\/index.php?rest_route=%2Fwp%2Fv2%2Fcomments&post=12122"}],"version-history":[{"count":7,"href":"https:\/\/spielkonso-shop.com\/index.php?rest_route=\/wp\/v2\/pages\/12122\/revisions"}],"predecessor-version":[{"id":12329,"href":"https:\/\/spielkonso-shop.com\/index.php?rest_route=\/wp\/v2\/pages\/12122\/revisions\/12329"}],"wp:attachment":[{"href":"https:\/\/spielkonso-shop.com\/index.php?rest_route=%2Fwp%2Fv2%2Fmedia&parent=12122"}],"curies":[{"name":"wp","href":"https:\/\/api.w.org\/{rel}","templated":true}]}}