{"id":12125,"date":"2025-12-10T20:02:30","date_gmt":"2025-12-10T19:02:30","guid":{"rendered":"https:\/\/spielkonso-shop.com\/?page_id=12125"},"modified":"2025-12-11T07:13:25","modified_gmt":"2025-12-11T06:13:25","slug":"allgemeine-nutzungsbedingungen","status":"publish","type":"page","link":"https:\/\/spielkonso-shop.com\/?page_id=12125","title":{"rendered":"Allgemeine Nutzungsbedingungen"},"content":{"rendered":"\t\t<div data-elementor-type=\"wp-page\" data-elementor-id=\"12125\" class=\"elementor elementor-12125\">\n\t\t\t\t<div class=\"elementor-element elementor-element-e4e52bc e-flex e-con-boxed wd-section-disabled e-con e-parent\" data-id=\"e4e52bc\" data-element_type=\"container\">\n\t\t\t\t\t<div class=\"e-con-inner\">\n\t\t\t\t<div class=\"elementor-element elementor-element-5dbc710 elementor-widget elementor-widget-wd_text_block\" data-id=\"5dbc710\" data-element_type=\"widget\" data-widget_type=\"wd_text_block.default\">\n\t\t\t\t<div class=\"elementor-widget-container\">\n\t\t\t\t\t\t\t\t<link rel=\"stylesheet\" id=\"wd-text-block-css\" href=\"https:\/\/spielkonso-shop.com\/wp-content\/themes\/Woodmart\/WoodMart%20Theme\/css\/parts\/el-text-block.min.css?ver=7.3.2\" type=\"text\/css\" media=\"all\" \/> \t\t\t\t\t<div class=\"wd-text-block reset-last-child text-left\">\n\t\t\t\n\t\t\t<p data-start=\"296\" data-end=\"378\"><strong data-start=\"296\" data-end=\"315\">Spielkonso Shop<\/strong><br data-start=\"315\" data-end=\"318\" \/>Telefon: +49 1521 2506300<br data-start=\"343\" data-end=\"346\" \/>E-Mail: <a class=\"decorated-link cursor-pointer\" rel=\"noopener\" data-start=\"354\" data-end=\"378\">info@spielkonso-shop.com<\/a><\/p><hr data-start=\"380\" data-end=\"383\" \/><h2 data-start=\"385\" data-end=\"410\"><strong data-start=\"388\" data-end=\"410\">1. Geltungsbereich<\/strong><\/h2><p data-start=\"411\" data-end=\"647\">Diese Nutzungsbedingungen regeln die Nutzung der Website <strong data-start=\"468\" data-end=\"491\">spielkonso-shop.com<\/strong> sowie aller zugeh\u00f6rigen Dienste, Inhalte und Funktionen.<br data-start=\"548\" data-end=\"551\" \/>Mit dem Zugriff auf unsere Website erkl\u00e4rt sich der Nutzer mit diesen Bedingungen einverstanden.<\/p><hr data-start=\"649\" data-end=\"652\" \/><h2 data-start=\"654\" data-end=\"683\"><strong data-start=\"657\" data-end=\"683\">2. Nutzung der Website<\/strong><\/h2><p data-start=\"684\" data-end=\"937\">(1) Die Nutzung der Website ist nur f\u00fcr <strong data-start=\"724\" data-end=\"762\">private, nicht kommerzielle Zwecke<\/strong> gestattet, sofern nicht ausdr\u00fccklich etwas anderes vereinbart wurde.<br data-start=\"831\" data-end=\"834\" \/>(2) Der Nutzer verpflichtet sich, die Website nicht missbr\u00e4uchlich zu verwenden, insbesondere nicht zu:<\/p><ul data-start=\"939\" data-end=\"1140\"><li data-start=\"939\" data-end=\"965\"><p data-start=\"941\" data-end=\"965\">rechtswidrigen Zwecken<\/p><\/li><li data-start=\"966\" data-end=\"1002\"><p data-start=\"968\" data-end=\"1002\">dem Verbreiten von Schadsoftware<\/p><\/li><li data-start=\"1003\" data-end=\"1071\"><p data-start=\"1005\" data-end=\"1071\">dem Versuch, unbefugt auf Daten, Server oder Systeme zuzugreifen<\/p><\/li><li data-start=\"1072\" data-end=\"1140\"><p data-start=\"1074\" data-end=\"1140\">Handlungen, die die Funktion der Website beeintr\u00e4chtigen k\u00f6nnten<\/p><\/li><\/ul><hr data-start=\"1142\" data-end=\"1145\" \/><h2 data-start=\"1147\" data-end=\"1186\"><strong data-start=\"1150\" data-end=\"1186\">3. Registrierung und Kundenkonto<\/strong><\/h2><p data-start=\"1187\" data-end=\"1303\">(1) Einige Funktionen der Website erfordern die Erstellung eines Kundenkontos.<br data-start=\"1265\" data-end=\"1268\" \/>(2) Der Nutzer verpflichtet sich:<\/p><ul data-start=\"1304\" data-end=\"1470\"><li data-start=\"1304\" data-end=\"1357\"><p data-start=\"1306\" data-end=\"1357\">korrekte und vollst\u00e4ndige Informationen anzugeben<\/p><\/li><li data-start=\"1358\" data-end=\"1405\"><p data-start=\"1360\" data-end=\"1405\">seine Zugangsdaten vertraulich zu behandeln<\/p><\/li><li data-start=\"1406\" data-end=\"1470\"><p data-start=\"1408\" data-end=\"1470\">uns bei Verdacht auf unbefugte Nutzung sofort zu informieren<\/p><\/li><\/ul><p data-start=\"1472\" data-end=\"1593\">(3) Wir behalten uns das Recht vor, Nutzerkonten zu sperren oder zu l\u00f6schen, wenn gegen diese Bedingungen versto\u00dfen wird.<\/p><hr data-start=\"1595\" data-end=\"1598\" \/><h2 data-start=\"1600\" data-end=\"1630\"><strong data-start=\"1603\" data-end=\"1630\">4. Produkte und Inhalte<\/strong><\/h2><p data-start=\"1631\" data-end=\"1877\">(1) Alle auf der Website dargestellten Produkte, Preise und Inhalte dienen der Information und k\u00f6nnen jederzeit ohne Vorank\u00fcndigung ge\u00e4ndert werden.<br data-start=\"1779\" data-end=\"1782\" \/>(2) Produktabbildungen dienen der Illustration und k\u00f6nnen von der tats\u00e4chlichen Ware abweichen.<\/p><hr data-start=\"1879\" data-end=\"1882\" \/><h2 data-start=\"1884\" data-end=\"1912\"><strong data-start=\"1887\" data-end=\"1912\">5. Geistiges Eigentum<\/strong><\/h2><p data-start=\"1913\" data-end=\"2177\">(1) S\u00e4mtliche Inhalte auf dieser Website \u2013 Texte, Logos, Bilder, Grafiken, Designs, Videos \u2013 sind urheberrechtlich gesch\u00fctzt.<br data-start=\"2038\" data-end=\"2041\" \/>(2) Eine Nutzung, Vervielf\u00e4ltigung oder Verbreitung ist nur mit ausdr\u00fccklicher schriftlicher Zustimmung von <strong data-start=\"2149\" data-end=\"2168\">Spielkonso Shop<\/strong> erlaubt.<\/p><hr data-start=\"2179\" data-end=\"2182\" \/><h2 data-start=\"2184\" data-end=\"2201\"><strong data-start=\"2187\" data-end=\"2201\">6. Haftung<\/strong><\/h2><p data-start=\"2202\" data-end=\"2320\">(1) Wir bem\u00fchen uns, die Website jederzeit verf\u00fcgbar und fehlerfrei zu halten, \u00fcbernehmen jedoch keine Garantie f\u00fcr:<\/p><ul data-start=\"2321\" data-end=\"2401\"><li data-start=\"2321\" data-end=\"2345\"><p data-start=\"2323\" data-end=\"2345\">technische St\u00f6rungen<\/p><\/li><li data-start=\"2346\" data-end=\"2377\"><p data-start=\"2348\" data-end=\"2377\">unterbrochene Verf\u00fcgbarkeit<\/p><\/li><li data-start=\"2378\" data-end=\"2401\"><p data-start=\"2380\" data-end=\"2401\">fehlerhafte Inhalte<\/p><\/li><\/ul><p data-start=\"2403\" data-end=\"2596\">(2) Wir haften nur f\u00fcr Sch\u00e4den, die auf <strong data-start=\"2443\" data-end=\"2480\">grobe Fahrl\u00e4ssigkeit oder Vorsatz<\/strong> zur\u00fcckzuf\u00fchren sind.<br data-start=\"2501\" data-end=\"2504\" \/>(3) F\u00fcr leichte Fahrl\u00e4ssigkeit haften wir nur bei Verletzung wesentlicher Vertragspflichten.<\/p><hr data-start=\"2598\" data-end=\"2601\" \/><h2 data-start=\"2603\" data-end=\"2628\"><strong data-start=\"2606\" data-end=\"2628\">7. Benutzerinhalte<\/strong><\/h2><p data-start=\"2629\" data-end=\"2773\">(1) Nutzer k\u00f6nnen \u00fcber bestimmte Bereiche (z. B. Bewertungen) eigene Inhalte ver\u00f6ffentlichen.<br data-start=\"2722\" data-end=\"2725\" \/>(2) Der Nutzer garantiert, dass seine Inhalte:<\/p><ul data-start=\"2774\" data-end=\"2902\"><li data-start=\"2774\" data-end=\"2808\"><p data-start=\"2776\" data-end=\"2808\">keine Rechte Dritter verletzen<\/p><\/li><li data-start=\"2809\" data-end=\"2870\"><p data-start=\"2811\" data-end=\"2870\">nicht beleidigend, rechtswidrig oder diskriminierend sind<\/p><\/li><li data-start=\"2871\" data-end=\"2902\"><p data-start=\"2873\" data-end=\"2902\">frei von Schadsoftware sind<\/p><\/li><\/ul><p data-start=\"2904\" data-end=\"3000\">(3) <strong data-start=\"2908\" data-end=\"2927\">Spielkonso Shop<\/strong> beh\u00e4lt sich das Recht vor, Inhalte jederzeit ohne Begr\u00fcndung zu l\u00f6schen.<\/p><hr data-start=\"3002\" data-end=\"3005\" \/><h2 data-start=\"3007\" data-end=\"3043\"><strong data-start=\"3010\" data-end=\"3043\">8. Links zu externen Websites<\/strong><\/h2><p data-start=\"3044\" data-end=\"3197\">Unsere Website enth\u00e4lt Links zu Websites Dritter.<br data-start=\"3093\" data-end=\"3096\" \/>F\u00fcr deren Inhalte \u00fcbernehmen wir keine Haftung.<br data-start=\"3143\" data-end=\"3146\" \/>Der Zugriff erfolgt auf eigenes Risiko des Nutzers.<\/p><hr data-start=\"3199\" data-end=\"3202\" \/><h2 data-start=\"3204\" data-end=\"3225\"><strong data-start=\"3207\" data-end=\"3225\">9. Datenschutz<\/strong><\/h2><p data-start=\"3226\" data-end=\"3353\">Die Verarbeitung personenbezogener Daten erfolgt gem\u00e4\u00df unserer <strong data-start=\"3289\" data-end=\"3313\">Datenschutzerkl\u00e4rung<\/strong>, die auf unserer Website einsehbar ist.<\/p><hr data-start=\"3355\" data-end=\"3358\" \/><h2 data-start=\"3360\" data-end=\"3405\"><strong data-start=\"3363\" data-end=\"3405\">10. \u00c4nderungen der Nutzungsbedingungen<\/strong><\/h2><p data-start=\"3406\" data-end=\"3584\">Wir behalten uns das Recht vor, diese Nutzungsbedingungen jederzeit zu \u00e4ndern.<br data-start=\"3484\" data-end=\"3487\" \/>Die aktualisierte Version wird auf der Website ver\u00f6ffentlicht und gilt ab ihrer Ver\u00f6ffentlichung.<\/p><hr data-start=\"3586\" data-end=\"3589\" \/><h2 data-start=\"3591\" data-end=\"3637\"><strong data-start=\"3594\" data-end=\"3637\">11. Gerichtsstand und anwendbares Recht<\/strong><\/h2><p data-start=\"3638\" data-end=\"3761\">Es gilt deutsches Recht unter Ausschluss des UN-Kaufrechts.<br data-start=\"3697\" data-end=\"3700\" \/>Soweit zul\u00e4ssig, ist Gerichtsstand der Sitz des Unternehmens.<\/p><hr data-start=\"3763\" data-end=\"3766\" \/><h2 data-start=\"3768\" data-end=\"3786\"><strong data-start=\"3771\" data-end=\"3786\">12. Kontakt<\/strong><\/h2><p data-start=\"3787\" data-end=\"3825\">Bei Fragen zu den Nutzungsbedingungen:<\/p><p data-start=\"3827\" data-end=\"3900\"><strong data-start=\"3827\" data-end=\"3846\">Spielkonso Shop<\/strong><br data-start=\"3846\" data-end=\"3849\" \/>\ud83d\udce7 <a class=\"decorated-link cursor-pointer\" rel=\"noopener\" data-start=\"3852\" data-end=\"3876\">info@spielkonso-shop.com<\/a><br data-start=\"3876\" data-end=\"3879\" \/>\ud83d\udcde +49 1521 2506300<\/p>\n\t\t\t\t\t<\/div>\n\t\t\t\t\t\t<\/div>\n\t\t\t\t<\/div>\n\t\t\t\t\t<\/div>\n\t\t\t\t<\/div>\n\t\t\t\t<\/div>\n\t\t","protected":false},"excerpt":{"rendered":"<p>Spielkonso ShopTelefon: +49 1521 2506300E-Mail: info@spielkonso-shop.com 1. Geltungsbereich Diese Nutzungsbedingungen regeln die Nutzung der Website spielkonso-shop.com sowie aller zugeh\u00f6rigen Dienste,<\/p>\n","protected":false},"author":1,"featured_media":0,"parent":0,"menu_order":0,"comment_status":"closed","ping_status":"closed","template":"elementor_header_footer","meta":{"_acf_changed":false,"footnotes":""},"class_list":["post-12125","page","type-page","status-publish","hentry"],"acf":[],"_hostinger_reach_plugin_has_subscription_block":false,"_hostinger_reach_plugin_is_elementor":false,"_links":{"self":[{"href":"https:\/\/spielkonso-shop.com\/index.php?rest_route=\/wp\/v2\/pages\/12125","targetHints":{"allow":["GET"]}}],"collection":[{"href":"https:\/\/spielkonso-shop.com\/index.php?rest_route=\/wp\/v2\/pages"}],"about":[{"href":"https:\/\/spielkonso-shop.com\/index.php?rest_route=\/wp\/v2\/types\/page"}],"author":[{"embeddable":true,"href":"https:\/\/spielkonso-shop.com\/index.php?rest_route=\/wp\/v2\/users\/1"}],"replies":[{"embeddable":true,"href":"https:\/\/spielkonso-shop.com\/index.php?rest_route=%2Fwp%2Fv2%2Fcomments&post=12125"}],"version-history":[{"count":4,"href":"https:\/\/spielkonso-shop.com\/index.php?rest_route=\/wp\/v2\/pages\/12125\/revisions"}],"predecessor-version":[{"id":12169,"href":"https:\/\/spielkonso-shop.com\/index.php?rest_route=\/wp\/v2\/pages\/12125\/revisions\/12169"}],"wp:attachment":[{"href":"https:\/\/spielkonso-shop.com\/index.php?rest_route=%2Fwp%2Fv2%2Fmedia&parent=12125"}],"curies":[{"name":"wp","href":"https:\/\/api.w.org\/{rel}","templated":true}]}}