{"id":12126,"date":"2025-12-10T20:02:30","date_gmt":"2025-12-10T19:02:30","guid":{"rendered":"https:\/\/spielkonso-shop.com\/?page_id=12126"},"modified":"2025-12-11T22:29:19","modified_gmt":"2025-12-11T21:29:19","slug":"datenschutzrichtlinien","status":"publish","type":"page","link":"https:\/\/spielkonso-shop.com\/?page_id=12126","title":{"rendered":"Datenschutzrichtlinien"},"content":{"rendered":"\t\t<div data-elementor-type=\"wp-page\" data-elementor-id=\"12126\" class=\"elementor elementor-12126\">\n\t\t\t\t<div class=\"elementor-element elementor-element-53cd9f8 e-flex e-con-boxed wd-section-disabled e-con e-parent\" data-id=\"53cd9f8\" data-element_type=\"container\">\n\t\t\t\t\t<div class=\"e-con-inner\">\n\t\t\t\t<div class=\"elementor-element elementor-element-18e9644 elementor-widget elementor-widget-wd_text_block\" data-id=\"18e9644\" data-element_type=\"widget\" data-widget_type=\"wd_text_block.default\">\n\t\t\t\t<div class=\"elementor-widget-container\">\n\t\t\t\t\t\t\t\t<link rel=\"stylesheet\" id=\"wd-text-block-css\" href=\"https:\/\/spielkonso-shop.com\/wp-content\/themes\/Woodmart\/WoodMart%20Theme\/css\/parts\/el-text-block.min.css?ver=7.3.2\" type=\"text\/css\" media=\"all\" \/> \t\t\t\t\t<div class=\"wd-text-block reset-last-child text-left\">\n\t\t\t\n\t\t\t<p data-start=\"306\" data-end=\"425\"><strong data-start=\"306\" data-end=\"325\">Spielkonso Shop<\/strong><br data-start=\"325\" data-end=\"328\" \/>Telefon: +49 1521 2506300<br data-start=\"353\" data-end=\"356\" \/>E-Mail: <a class=\"decorated-link cursor-pointer\" rel=\"noopener\" data-start=\"364\" data-end=\"388\">info@spielkonso-shop.com<\/a><br data-start=\"388\" data-end=\"391\" \/>Website: <a class=\"decorated-link\" href=\"http:\/\/www.spielkonso-shop.com\" target=\"_new\" rel=\"noopener\" data-start=\"400\" data-end=\"423\">www.spielkonso-shop.com<\/a><\/p><hr data-start=\"427\" data-end=\"430\" \/><h2 data-start=\"432\" data-end=\"452\"><strong data-start=\"435\" data-end=\"452\">1. Einleitung<\/strong><\/h2><p data-start=\"453\" data-end=\"662\">Der Schutz Ihrer personenbezogenen Daten ist uns ein wichtiges Anliegen.<br data-start=\"525\" data-end=\"528\" \/>Mit dieser Datenschutzerkl\u00e4rung informieren wir Sie dar\u00fcber, welche Daten wir erheben, wie wir sie nutzen und welche Rechte Sie haben.<\/p><hr data-start=\"664\" data-end=\"667\" \/><h2 data-start=\"669\" data-end=\"695\"><strong data-start=\"672\" data-end=\"695\">2. Verantwortlicher<\/strong><\/h2><p data-start=\"696\" data-end=\"760\">Verantwortlich f\u00fcr die Datenverarbeitung auf dieser Website ist:<\/p><p data-start=\"762\" data-end=\"846\"><strong data-start=\"762\" data-end=\"781\">Spielkonso Shop<\/strong><br data-start=\"781\" data-end=\"784\" \/>E-Mail: <a class=\"decorated-link cursor-pointer\" rel=\"noopener\" data-start=\"792\" data-end=\"816\">info@spielkonso-shop.com<\/a><br data-start=\"816\" data-end=\"819\" \/>Telefon: +49 1521 2506300<\/p><hr data-start=\"922\" data-end=\"925\" \/><h2 data-start=\"927\" data-end=\"985\"><strong data-start=\"930\" data-end=\"985\">3. Erhebung und Speicherung personenbezogener Daten<\/strong><\/h2><p data-start=\"986\" data-end=\"1031\">Wir erheben personenbezogene Daten, wenn Sie:<\/p><ul data-start=\"1033\" data-end=\"1204\"><li data-start=\"1033\" data-end=\"1060\"><p data-start=\"1035\" data-end=\"1060\">unsere Website besuchen<\/p><\/li><li data-start=\"1061\" data-end=\"1083\"><p data-start=\"1063\" data-end=\"1083\">Produkte bestellen<\/p><\/li><li data-start=\"1084\" data-end=\"1111\"><p data-start=\"1086\" data-end=\"1111\">ein Kundenkonto anlegen<\/p><\/li><li data-start=\"1112\" data-end=\"1144\"><p data-start=\"1114\" data-end=\"1144\">unser Kontaktformular nutzen<\/p><\/li><li data-start=\"1145\" data-end=\"1178\"><p data-start=\"1147\" data-end=\"1178\">unseren Newsletter abonnieren<\/p><\/li><li data-start=\"1179\" data-end=\"1204\"><p data-start=\"1181\" data-end=\"1204\">mit uns kommunizieren<\/p><\/li><\/ul><h3 data-start=\"1206\" data-end=\"1241\"><strong data-start=\"1210\" data-end=\"1241\">Erhobene Daten k\u00f6nnen sein:<\/strong><\/h3><ul data-start=\"1242\" data-end=\"1413\"><li data-start=\"1242\" data-end=\"1259\"><p data-start=\"1244\" data-end=\"1259\">Name, Vorname<\/p><\/li><li data-start=\"1260\" data-end=\"1271\"><p data-start=\"1262\" data-end=\"1271\">Adresse<\/p><\/li><li data-start=\"1272\" data-end=\"1289\"><p data-start=\"1274\" data-end=\"1289\">Telefonnummer<\/p><\/li><li data-start=\"1290\" data-end=\"1308\"><p data-start=\"1292\" data-end=\"1308\">E-Mail-Adresse<\/p><\/li><li data-start=\"1309\" data-end=\"1334\"><p data-start=\"1311\" data-end=\"1334\">Zahlungsinformationen<\/p><\/li><li data-start=\"1335\" data-end=\"1349\"><p data-start=\"1337\" data-end=\"1349\">IP-Adresse<\/p><\/li><li data-start=\"1350\" data-end=\"1378\"><p data-start=\"1352\" data-end=\"1378\">Browser- und Ger\u00e4tedaten<\/p><\/li><li data-start=\"1379\" data-end=\"1413\"><p data-start=\"1381\" data-end=\"1413\">Bestell- und Nutzungsverhalten<\/p><\/li><\/ul><hr data-start=\"1415\" data-end=\"1418\" \/><h2 data-start=\"1420\" data-end=\"1457\"><strong data-start=\"1423\" data-end=\"1457\">4. Zweck der Datenverarbeitung<\/strong><\/h2><p data-start=\"1458\" data-end=\"1506\">Wir verarbeiten Ihre Daten zu folgenden Zwecken:<\/p><ul data-start=\"1508\" data-end=\"1802\"><li data-start=\"1508\" data-end=\"1539\"><p data-start=\"1510\" data-end=\"1539\">Abwicklung von Bestellungen<\/p><\/li><li data-start=\"1540\" data-end=\"1586\"><p data-start=\"1542\" data-end=\"1586\">Erstellung und Verwaltung von Kundenkonten<\/p><\/li><li data-start=\"1587\" data-end=\"1635\"><p data-start=\"1589\" data-end=\"1635\">Versand von Bestellbest\u00e4tigungen und Updates<\/p><\/li><li data-start=\"1636\" data-end=\"1668\"><p data-start=\"1638\" data-end=\"1668\">Kommunikation mit dem Kunden<\/p><\/li><li data-start=\"1669\" data-end=\"1703\"><p data-start=\"1671\" data-end=\"1703\">Bereitstellung des Onlineshops<\/p><\/li><li data-start=\"1704\" data-end=\"1743\"><p data-start=\"1706\" data-end=\"1743\">Analyse und Optimierung der Website<\/p><\/li><li data-start=\"1744\" data-end=\"1765\"><p data-start=\"1746\" data-end=\"1765\">Betrugspr\u00e4vention<\/p><\/li><li data-start=\"1766\" data-end=\"1802\"><p data-start=\"1768\" data-end=\"1802\">Erf\u00fcllung gesetzlicher Pflichten<\/p><\/li><\/ul><hr data-start=\"1804\" data-end=\"1807\" \/><h2 data-start=\"1809\" data-end=\"1847\"><strong data-start=\"1812\" data-end=\"1847\">5. Rechtsgrundlagen gem\u00e4\u00df DSGVO<\/strong><\/h2><p data-start=\"1848\" data-end=\"1889\">Wir verarbeiten Ihre Daten auf Basis von:<\/p><ul data-start=\"1891\" data-end=\"2119\"><li data-start=\"1891\" data-end=\"1948\"><p data-start=\"1893\" data-end=\"1948\"><strong data-start=\"1893\" data-end=\"1923\">Art. 6 Abs. 1 lit. b DSGVO<\/strong> (Vertragsdurchf\u00fchrung)<\/p><\/li><li data-start=\"1949\" data-end=\"1998\"><p data-start=\"1951\" data-end=\"1998\"><strong data-start=\"1951\" data-end=\"1981\">Art. 6 Abs. 1 lit. a DSGVO<\/strong> (Einwilligung)<\/p><\/li><li data-start=\"1999\" data-end=\"2058\"><p data-start=\"2001\" data-end=\"2058\"><strong data-start=\"2001\" data-end=\"2031\">Art. 6 Abs. 1 lit. f DSGVO<\/strong> (berechtigtes Interesse)<\/p><\/li><li data-start=\"2059\" data-end=\"2119\"><p data-start=\"2061\" data-end=\"2119\"><strong data-start=\"2061\" data-end=\"2091\">Art. 6 Abs. 1 lit. c DSGVO<\/strong> (gesetzliche Verpflichtung)<\/p><\/li><\/ul><hr data-start=\"2121\" data-end=\"2124\" \/><h2 data-start=\"2126\" data-end=\"2170\"><strong data-start=\"2129\" data-end=\"2170\">6. Weitergabe personenbezogener Daten<\/strong><\/h2><p data-start=\"2171\" data-end=\"2223\">Wir geben Daten nur weiter, wenn dies notwendig ist:<\/p><h3 data-start=\"2225\" data-end=\"2262\"><strong data-start=\"2229\" data-end=\"2262\">An folgende Empf\u00e4ngergruppen:<\/strong><\/h3><ul data-start=\"2263\" data-end=\"2505\"><li data-start=\"2263\" data-end=\"2308\"><p data-start=\"2265\" data-end=\"2308\">Versanddienstleister (DHL, DPD, UPS usw.)<\/p><\/li><li data-start=\"2309\" data-end=\"2379\"><p data-start=\"2311\" data-end=\"2379\">Zahlungsanbieter (PayPal, Kreditkartenanbieter, Klarna, Stripe...)<\/p><\/li><li data-start=\"2380\" data-end=\"2413\"><p data-start=\"2382\" data-end=\"2413\">IT- und Hosting-Dienstleister<\/p><\/li><li data-start=\"2414\" data-end=\"2505\"><p data-start=\"2416\" data-end=\"2505\">Analyse- und Marketingdienste (Google Analytics, Meta Pixel, usw. \u2013 nur mit Einwilligung)<\/p><\/li><\/ul><p data-start=\"2507\" data-end=\"2552\">Wir verkaufen niemals personenbezogene Daten.<\/p><hr data-start=\"2554\" data-end=\"2557\" \/><h2 data-start=\"2559\" data-end=\"2602\"><strong data-start=\"2562\" data-end=\"2602\">7. Cookies und Tracking-Technologien<\/strong><\/h2><p data-start=\"2603\" data-end=\"2640\">Unsere Website verwendet Cookies, um:<\/p><ul data-start=\"2642\" data-end=\"2810\"><li data-start=\"2642\" data-end=\"2682\"><p data-start=\"2644\" data-end=\"2682\">Funktionen des Shops bereitzustellen<\/p><\/li><li data-start=\"2683\" data-end=\"2713\"><p data-start=\"2685\" data-end=\"2713\">Einstellungen zu speichern<\/p><\/li><li data-start=\"2714\" data-end=\"2744\"><p data-start=\"2716\" data-end=\"2744\">die Nutzung zu analysieren<\/p><\/li><li data-start=\"2745\" data-end=\"2810\"><p data-start=\"2747\" data-end=\"2810\">personalisierte Werbung (nur mit Einwilligung) zu erm\u00f6glichen<\/p><\/li><\/ul><p data-start=\"2812\" data-end=\"2871\">Sie k\u00f6nnen Cookies jederzeit in Ihrem Browser deaktivieren.<\/p><hr data-start=\"2873\" data-end=\"2876\" \/><h2 data-start=\"2878\" data-end=\"2898\"><strong data-start=\"2881\" data-end=\"2898\">8. Newsletter<\/strong><\/h2><p data-start=\"2899\" data-end=\"2938\">Wenn Sie unseren Newsletter abonnieren:<\/p><ul data-start=\"2940\" data-end=\"3110\"><li data-start=\"2940\" data-end=\"3036\"><p data-start=\"2942\" data-end=\"3036\">verwenden wir Ihre E-Mail-Adresse ausschlie\u00dflich zum Versand von Informationen und Angeboten<\/p><\/li><li data-start=\"3037\" data-end=\"3110\"><p data-start=\"3039\" data-end=\"3110\">k\u00f6nnen Sie sich jederzeit \u00fcber den Abmeldelink im Newsletter abmelden<\/p><\/li><\/ul><hr data-start=\"3112\" data-end=\"3115\" \/><h2 data-start=\"3117\" data-end=\"3145\"><strong data-start=\"3120\" data-end=\"3145\">9. Zahlungsabwicklung<\/strong><\/h2><p data-start=\"3146\" data-end=\"3273\">Zur Zahlungsabwicklung nutzen wir externe Zahlungsanbieter.<br data-start=\"3205\" data-end=\"3208\" \/>Diese erhalten nur Daten, die f\u00fcr die Transaktion notwendig sind.<\/p><hr data-start=\"3275\" data-end=\"3278\" \/><h2 data-start=\"3280\" data-end=\"3304\"><strong data-start=\"3283\" data-end=\"3304\">10. Speicherfrist<\/strong><\/h2><p data-start=\"3305\" data-end=\"3369\">Wir speichern personenbezogene Daten nur so lange wie notwendig:<\/p><ul data-start=\"3371\" data-end=\"3493\"><li data-start=\"3371\" data-end=\"3407\"><p data-start=\"3373\" data-end=\"3407\">gesetzliche Aufbewahrungsfristen<\/p><\/li><li data-start=\"3408\" data-end=\"3430\"><p data-start=\"3410\" data-end=\"3430\">offene Forderungen<\/p><\/li><li data-start=\"3431\" data-end=\"3467\"><p data-start=\"3433\" data-end=\"3467\">steuerrechtliche Verpflichtungen<\/p><\/li><li data-start=\"3468\" data-end=\"3493\"><p data-start=\"3470\" data-end=\"3493\">Kundenkontoverwaltung<\/p><\/li><\/ul><p data-start=\"3495\" data-end=\"3528\">Danach werden die Daten gel\u00f6scht.<\/p><hr data-start=\"3530\" data-end=\"3533\" \/><h2 data-start=\"3535\" data-end=\"3565\"><strong data-start=\"3538\" data-end=\"3565\">11. Ihre Rechte (DSGVO)<\/strong><\/h2><p data-start=\"3566\" data-end=\"3590\">Sie haben das Recht auf:<\/p><ul data-start=\"3592\" data-end=\"3868\"><li data-start=\"3592\" data-end=\"3638\"><p data-start=\"3594\" data-end=\"3638\"><strong data-start=\"3594\" data-end=\"3606\">Auskunft<\/strong> \u00fcber Ihre gespeicherten Daten<\/p><\/li><li data-start=\"3639\" data-end=\"3674\"><p data-start=\"3641\" data-end=\"3674\"><strong data-start=\"3641\" data-end=\"3657\">Berichtigung<\/strong> falscher Daten<\/p><\/li><li data-start=\"3675\" data-end=\"3721\"><p data-start=\"3677\" data-end=\"3721\"><strong data-start=\"3677\" data-end=\"3689\">L\u00f6schung<\/strong> (\u201eRecht auf Vergessenwerden\u201c)<\/p><\/li><li data-start=\"3722\" data-end=\"3760\"><p data-start=\"3724\" data-end=\"3760\"><strong data-start=\"3724\" data-end=\"3741\">Einschr\u00e4nkung<\/strong> der Verarbeitung<\/p><\/li><li data-start=\"3761\" data-end=\"3789\"><p data-start=\"3763\" data-end=\"3789\"><strong data-start=\"3763\" data-end=\"3787\">Daten\u00fcbertragbarkeit<\/strong><\/p><\/li><li data-start=\"3790\" data-end=\"3832\"><p data-start=\"3792\" data-end=\"3832\"><strong data-start=\"3792\" data-end=\"3807\">Widerspruch<\/strong> gegen die Verarbeitung<\/p><\/li><li data-start=\"3833\" data-end=\"3868\"><p data-start=\"3835\" data-end=\"3868\"><strong data-start=\"3835\" data-end=\"3847\">Widerruf<\/strong> Ihrer Einwilligung<\/p><\/li><\/ul><p data-start=\"3870\" data-end=\"3938\">Dazu kontaktieren Sie uns einfach:<br data-start=\"3904\" data-end=\"3907\" \/>\ud83d\udce7 <strong data-start=\"3910\" data-end=\"3938\"><a class=\"decorated-link cursor-pointer\" rel=\"noopener\" data-start=\"3912\" data-end=\"3936\">info@spielkonso-shop.com<\/a><\/strong><\/p><hr data-start=\"3940\" data-end=\"3943\" \/><h2 data-start=\"3945\" data-end=\"3971\"><strong data-start=\"3948\" data-end=\"3971\">12. Datensicherheit<\/strong><\/h2><p data-start=\"3972\" data-end=\"4042\">Wir verwenden moderne Sicherheitsma\u00dfnahmen, um Ihre Daten zu sch\u00fctzen:<\/p><ul data-start=\"4044\" data-end=\"4159\"><li data-start=\"4044\" data-end=\"4072\"><p data-start=\"4046\" data-end=\"4072\">SSL-\/TLS-Verschl\u00fcsselung<\/p><\/li><li data-start=\"4073\" data-end=\"4091\"><p data-start=\"4075\" data-end=\"4091\">Sichere Server<\/p><\/li><li data-start=\"4092\" data-end=\"4118\"><p data-start=\"4094\" data-end=\"4118\">Zugriffsbeschr\u00e4nkungen<\/p><\/li><li data-start=\"4119\" data-end=\"4159\"><p data-start=\"4121\" data-end=\"4159\">Regelm\u00e4\u00dfige Sicherheits\u00fcberpr\u00fcfungen<\/p><\/li><\/ul><hr data-start=\"4161\" data-end=\"4164\" \/><h2 data-start=\"4166\" data-end=\"4183\"><strong data-start=\"4169\" data-end=\"4183\">13. Kinder<\/strong><\/h2><p data-start=\"4184\" data-end=\"4297\">Unsere Website richtet sich nicht an Personen unter 16 Jahren.<br data-start=\"4246\" data-end=\"4249\" \/>Wir sammeln wissentlich keine Daten von Kindern.<\/p><hr data-start=\"4299\" data-end=\"4302\" \/><h2 data-start=\"4304\" data-end=\"4353\"><strong data-start=\"4307\" data-end=\"4353\">14. \u00c4nderungen dieser Datenschutzerkl\u00e4rung<\/strong><\/h2><p data-start=\"4354\" data-end=\"4493\">Wir behalten uns das Recht vor, diese Richtlinie jederzeit zu aktualisieren.<br data-start=\"4430\" data-end=\"4433\" \/>Die aktuelle Version ist stets auf unserer Website abrufbar.<\/p><hr data-start=\"4495\" data-end=\"4498\" \/><h2 data-start=\"4500\" data-end=\"4518\"><strong data-start=\"4503\" data-end=\"4518\">15. Kontakt<\/strong><\/h2><p data-start=\"4519\" data-end=\"4551\">F\u00fcr alle Fragen zum Datenschutz:<\/p><p data-start=\"4553\" data-end=\"4626\"><strong data-start=\"4553\" data-end=\"4572\">Spielkonso Shop<\/strong><br data-start=\"4572\" data-end=\"4575\" \/>\ud83d\udce7 <a class=\"decorated-link cursor-pointer\" rel=\"noopener\" data-start=\"4578\" data-end=\"4602\">info@spielkonso-shop.com<\/a><br data-start=\"4602\" data-end=\"4605\" \/>\ud83d\udcde +49 1521 2506300<\/p>\n\t\t\t\t\t<\/div>\n\t\t\t\t\t\t<\/div>\n\t\t\t\t<\/div>\n\t\t\t\t\t<\/div>\n\t\t\t\t<\/div>\n\t\t\t\t<\/div>\n\t\t","protected":false},"excerpt":{"rendered":"<p>Spielkonso ShopTelefon: +49 1521 2506300E-Mail: info@spielkonso-shop.comWebsite: www.spielkonso-shop.com 1. Einleitung Der Schutz Ihrer personenbezogenen Daten ist uns ein wichtiges Anliegen.Mit dieser<\/p>\n","protected":false},"author":1,"featured_media":0,"parent":0,"menu_order":0,"comment_status":"closed","ping_status":"closed","template":"elementor_header_footer","meta":{"_acf_changed":false,"footnotes":""},"class_list":["post-12126","page","type-page","status-publish","hentry"],"acf":[],"_hostinger_reach_plugin_has_subscription_block":false,"_hostinger_reach_plugin_is_elementor":false,"_links":{"self":[{"href":"https:\/\/spielkonso-shop.com\/index.php?rest_route=\/wp\/v2\/pages\/12126","targetHints":{"allow":["GET"]}}],"collection":[{"href":"https:\/\/spielkonso-shop.com\/index.php?rest_route=\/wp\/v2\/pages"}],"about":[{"href":"https:\/\/spielkonso-shop.com\/index.php?rest_route=\/wp\/v2\/types\/page"}],"author":[{"embeddable":true,"href":"https:\/\/spielkonso-shop.com\/index.php?rest_route=\/wp\/v2\/users\/1"}],"replies":[{"embeddable":true,"href":"https:\/\/spielkonso-shop.com\/index.php?rest_route=%2Fwp%2Fv2%2Fcomments&post=12126"}],"version-history":[{"count":7,"href":"https:\/\/spielkonso-shop.com\/index.php?rest_route=\/wp\/v2\/pages\/12126\/revisions"}],"predecessor-version":[{"id":12335,"href":"https:\/\/spielkonso-shop.com\/index.php?rest_route=\/wp\/v2\/pages\/12126\/revisions\/12335"}],"wp:attachment":[{"href":"https:\/\/spielkonso-shop.com\/index.php?rest_route=%2Fwp%2Fv2%2Fmedia&parent=12126"}],"curies":[{"name":"wp","href":"https:\/\/api.w.org\/{rel}","templated":true}]}}