{"id":10075,"date":"2024-01-14T18:34:46","date_gmt":"2024-01-14T17:34:46","guid":{"rendered":"https:\/\/spielkonso-shop.com\/?post_type=product&#038;p=10075"},"modified":"2025-12-11T16:42:13","modified_gmt":"2025-12-11T15:42:13","slug":"sony-playstation-5-console-split-bundle-eu-ps5","status":"publish","type":"product","link":"https:\/\/spielkonso-shop.com\/?product=sony-playstation-5-console-split-bundle-eu-ps5","title":{"rendered":"Sony PlayStation 5 Konsole \u2013 Split-Bundle (EU) (PS5)"},"content":{"rendered":"<p><span style=\"vertical-align: inherit;\"><span style=\"vertical-align: inherit;\"><span dir=\"auto\" style=\"vertical-align: inherit;\"><span dir=\"auto\" style=\"vertical-align: inherit;\">Die Sony PlayStation 5 \u2013 Split Bundle (EU) bietet ein immersives und hochmodernes Spielerlebnis und repr\u00e4sentiert die neueste Generation von Sony-Spielkonsolen. Die PS5, die zur PlayStation-Serie geh\u00f6rt, ist bekannt f\u00fcr ihre leistungsstarke Hardware, fortschrittlichen Funktionen und eine riesige Spielebibliothek, die die Leistungsf\u00e4higkeit des Systems eindrucksvoll demonstriert.<\/span><\/span><\/span><\/span><\/p>\n<p><span style=\"vertical-align: inherit;\"><span style=\"vertical-align: inherit;\"><span dir=\"auto\" style=\"vertical-align: inherit;\"><span dir=\"auto\" style=\"vertical-align: inherit;\">Zu den wichtigsten Merkmalen der Sony PlayStation 5 &#8211; Split Bundle (EU) Konsole geh\u00f6ren:<\/span><\/span><\/span><\/span><\/p>\n<p><span style=\"vertical-align: inherit;\"><span style=\"vertical-align: inherit;\"><span dir=\"auto\" style=\"vertical-align: inherit;\"><span dir=\"auto\" style=\"vertical-align: inherit;\">1. Hochleistungshardware: Die PS5 ist mit einem speziell entwickelten AMD-Prozessor ausgestattet, der \u00fcber eine leistungsstarke GPU und eine Hochgeschwindigkeits-SSD verf\u00fcgt und so ultraschnelle Ladezeiten und ein fl\u00fcssiges Spielerlebnis erm\u00f6glicht.<\/span><\/span><\/span><\/span><\/p>\n<p><span style=\"vertical-align: inherit;\"><span style=\"vertical-align: inherit;\"><span dir=\"auto\" style=\"vertical-align: inherit;\"><span dir=\"auto\" style=\"vertical-align: inherit;\">2. 4K-Gaming: Die Konsole unterst\u00fctzt die 4K-Aufl\u00f6sung und liefert atemberaubende Bilder und realistische Grafiken f\u00fcr ein intensiveres Spielerlebnis.<\/span><\/span><\/span><\/span><\/p>\n<p><span style=\"vertical-align: inherit;\"><span style=\"vertical-align: inherit;\"><span dir=\"auto\" style=\"vertical-align: inherit;\"><span dir=\"auto\" style=\"vertical-align: inherit;\">3. Raytracing: Durch den Einsatz der Raytracing-Technologie werden Beleuchtung, Schatten und Reflexionen in Spielen verbessert, wodurch das visuelle Erlebnis um ein neues Ma\u00df an Realismus bereichert wird.<\/span><\/span><\/span><\/span><\/p>\n<p><span style=\"vertical-align: inherit;\"><span style=\"vertical-align: inherit;\"><span dir=\"auto\" style=\"vertical-align: inherit;\"><span dir=\"auto\" style=\"vertical-align: inherit;\">4. DualSense Wireless-Controller: Die PS5 wird mit dem innovativen DualSense-Controller geliefert, der \u00fcber haptisches Feedback und adaptive Trigger verf\u00fcgt und so ein taktileres und reaktionsschnelleres Spielgef\u00fchl bietet und das Spielerlebnis verbessert.<\/span><\/span><\/span><\/span><\/p>\n<p><span style=\"vertical-align: inherit;\"><span style=\"vertical-align: inherit;\"><span dir=\"auto\" style=\"vertical-align: inherit;\"><span dir=\"auto\" style=\"vertical-align: inherit;\">5. Abw\u00e4rtskompatibilit\u00e4t: Die PS5 ist abw\u00e4rtskompatibel mit einer gro\u00dfen Auswahl an PlayStation 4-Spielen, sodass Spieler ihre bestehende Spielebibliothek auf der neuen Konsole genie\u00dfen k\u00f6nnen.<\/span><\/span><\/span><\/span><\/p>\n<p><span style=\"vertical-align: inherit;\"><span style=\"vertical-align: inherit;\"><span dir=\"auto\" style=\"vertical-align: inherit;\"><span dir=\"auto\" style=\"vertical-align: inherit;\">6. Exklusive Spiele: Sony bietet weiterhin eine \u00fcberzeugende Auswahl exklusiver Spiele f\u00fcr die PS5 und lockt mit Titeln, die die M\u00f6glichkeiten der Konsole voll aussch\u00f6pfen, immer mehr Spieler an.<\/span><\/span><\/span><\/span><\/p>\n<p><span style=\"vertical-align: inherit;\"><span style=\"vertical-align: inherit;\"><span dir=\"auto\" style=\"vertical-align: inherit;\"><span dir=\"auto\" style=\"vertical-align: inherit;\">7. Benutzeroberfl\u00e4che und Funktionen: Die Konsole verf\u00fcgt \u00fcber eine benutzerfreundliche Oberfl\u00e4che mit einer Vielzahl von Funktionen, darunter ein neu gestalteter Startbildschirm, Aktivit\u00e4ten und die M\u00f6glichkeit, schnell zwischen Spielen und Anwendungen zu wechseln.<\/span><\/span><\/span><\/span><\/p>\n","protected":false},"excerpt":{"rendered":"<p>Die Sony PlayStation 5 \u2013 Split Bundle (EU) bietet ein immersives und hochmodernes Spielerlebnis und repr\u00e4sentiert die neueste Generation von<\/p>\n","protected":false},"featured_media":10078,"comment_status":"open","ping_status":"closed","template":"","meta":{"_acf_changed":false},"product_brand":[],"product_cat":[57],"product_tag":[],"class_list":{"0":"post-10075","1":"product","2":"type-product","3":"status-publish","4":"has-post-thumbnail","6":"product_cat-ps5","8":"first","9":"instock","10":"shipping-taxable","11":"purchasable","12":"product-type-simple"},"acf":[],"_links":{"self":[{"href":"https:\/\/spielkonso-shop.com\/index.php?rest_route=\/wp\/v2\/product\/10075","targetHints":{"allow":["GET"]}}],"collection":[{"href":"https:\/\/spielkonso-shop.com\/index.php?rest_route=\/wp\/v2\/product"}],"about":[{"href":"https:\/\/spielkonso-shop.com\/index.php?rest_route=\/wp\/v2\/types\/product"}],"replies":[{"embeddable":true,"href":"https:\/\/spielkonso-shop.com\/index.php?rest_route=%2Fwp%2Fv2%2Fcomments&post=10075"}],"version-history":[{"count":5,"href":"https:\/\/spielkonso-shop.com\/index.php?rest_route=\/wp\/v2\/product\/10075\/revisions"}],"predecessor-version":[{"id":12176,"href":"https:\/\/spielkonso-shop.com\/index.php?rest_route=\/wp\/v2\/product\/10075\/revisions\/12176"}],"wp:featuredmedia":[{"embeddable":true,"href":"https:\/\/spielkonso-shop.com\/index.php?rest_route=\/wp\/v2\/media\/10078"}],"wp:attachment":[{"href":"https:\/\/spielkonso-shop.com\/index.php?rest_route=%2Fwp%2Fv2%2Fmedia&parent=10075"}],"wp:term":[{"taxonomy":"product_brand","embeddable":true,"href":"https:\/\/spielkonso-shop.com\/index.php?rest_route=%2Fwp%2Fv2%2Fproduct_brand&post=10075"},{"taxonomy":"product_cat","embeddable":true,"href":"https:\/\/spielkonso-shop.com\/index.php?rest_route=%2Fwp%2Fv2%2Fproduct_cat&post=10075"},{"taxonomy":"product_tag","embeddable":true,"href":"https:\/\/spielkonso-shop.com\/index.php?rest_route=%2Fwp%2Fv2%2Fproduct_tag&post=10075"}],"curies":[{"name":"wp","href":"https:\/\/api.w.org\/{rel}","templated":true}]}}