{"id":5472,"date":"2024-01-13T16:45:06","date_gmt":"2024-01-13T15:45:06","guid":{"rendered":"https:\/\/spielkonso-shop.com\/?post_type=product&#038;p=5472"},"modified":"2025-12-11T19:19:53","modified_gmt":"2025-12-11T18:19:53","slug":"console-nintendo-switch","status":"publish","type":"product","link":"https:\/\/spielkonso-shop.com\/?product=console-nintendo-switch","title":{"rendered":"Nintendo Switch-Konsole"},"content":{"rendered":"<table class=\"table table--fpDescTb fpDescTb fpDescTbPub\" role=\"table\" aria-label=\"Semantische Elemente\" aria-describedby=\"semantic_elements_table_desc\" aria-rowcount=\"81\">\n<tbody class=\"table__body\" role=\"rowgroup\">\n<tr class=\"table__row\" role=\"row\">\n<th class=\"table__head\" role=\"cell\" colspan=\"2\" scope=\"col\"><span style=\"vertical-align: inherit;\"><span style=\"vertical-align: inherit;\"><span style=\"vertical-align: inherit;\"><span style=\"vertical-align: inherit;\"><span dir=\"auto\" style=\"vertical-align: inherit;\"><span dir=\"auto\" style=\"vertical-align: inherit;\">Allgemeine Produktinformationen<\/span><\/span><\/span><\/span><\/span><\/span><\/th>\n<\/tr>\n<tr class=\"table__row\" role=\"row\">\n<th class=\"table__cell\" role=\"cell\" scope=\"row\"><span style=\"vertical-align: inherit;\"><span style=\"vertical-align: inherit;\"><span style=\"vertical-align: inherit;\"><span style=\"vertical-align: inherit;\"><span dir=\"auto\" style=\"vertical-align: inherit;\"><span dir=\"auto\" style=\"vertical-align: inherit;\">Marke<\/span><\/span><\/span><\/span><\/span><\/span><\/th>\n<td class=\"table__cell\" role=\"cell\"><span style=\"vertical-align: inherit;\"><span style=\"vertical-align: inherit;\"><span style=\"vertical-align: inherit;\"><span style=\"vertical-align: inherit;\"><span dir=\"auto\" style=\"vertical-align: inherit;\"><span dir=\"auto\" style=\"vertical-align: inherit;\">Nintendo<\/span><\/span><\/span><\/span><\/span><\/span><\/td>\n<\/tr>\n<tr class=\"table__row\" role=\"row\">\n<th class=\"table__cell\" role=\"cell\" scope=\"row\"><span style=\"vertical-align: inherit;\"><span style=\"vertical-align: inherit;\"><span style=\"vertical-align: inherit;\"><span style=\"vertical-align: inherit;\"><span dir=\"auto\" style=\"vertical-align: inherit;\"><span dir=\"auto\" style=\"vertical-align: inherit;\">Produktname<\/span><\/span><\/span><\/span><\/span><\/span><\/th>\n<td class=\"table__cell\" role=\"cell\"><span style=\"vertical-align: inherit;\"><span style=\"vertical-align: inherit;\"><span style=\"vertical-align: inherit;\"><span style=\"vertical-align: inherit;\"><span dir=\"auto\" style=\"vertical-align: inherit;\"><span dir=\"auto\" style=\"vertical-align: inherit;\">Nintendo Switch-Konsole \u2022 Neonblau und Neonrot<\/span><\/span><\/span><\/span><\/span><\/span><\/td>\n<\/tr>\n<tr class=\"table__row\" role=\"row\">\n<th class=\"table__cell\" role=\"cell\" scope=\"row\"><span style=\"vertical-align: inherit;\"><span style=\"vertical-align: inherit;\"><span style=\"vertical-align: inherit;\"><span style=\"vertical-align: inherit;\"><span dir=\"auto\" style=\"vertical-align: inherit;\"><span dir=\"auto\" style=\"vertical-align: inherit;\">Kategorie<\/span><\/span><\/span><\/span><\/span><\/span><\/th>\n<td class=\"table__cell\" role=\"cell\"><span style=\"vertical-align: inherit;\"><span style=\"vertical-align: inherit;\"><span style=\"vertical-align: inherit;\"><span style=\"vertical-align: inherit;\"><span dir=\"auto\" style=\"vertical-align: inherit;\"><span dir=\"auto\" style=\"vertical-align: inherit;\">Nintendo Switch Konsole<\/span><\/span><\/span><\/span><\/span><\/span><\/td>\n<\/tr>\n<tr class=\"table__row\" role=\"row\">\n<th class=\"table__cell\" role=\"cell\" scope=\"row\"><span style=\"vertical-align: inherit;\"><span style=\"vertical-align: inherit;\"><span style=\"vertical-align: inherit;\"><span style=\"vertical-align: inherit;\"><span dir=\"auto\" style=\"vertical-align: inherit;\"><span dir=\"auto\" style=\"vertical-align: inherit;\">Referenz<\/span><\/span><\/span><\/span><\/span><\/span><\/th>\n<td class=\"table__cell\" role=\"cell\"><span style=\"vertical-align: inherit;\"><span style=\"vertical-align: inherit;\"><span style=\"vertical-align: inherit;\"><span style=\"vertical-align: inherit;\"><span dir=\"auto\" style=\"vertical-align: inherit;\"><span dir=\"auto\" style=\"vertical-align: inherit;\">10010738<\/span><\/span><\/span><\/span><\/span><\/span><\/td>\n<\/tr>\n<tr class=\"table__row\" role=\"row\">\n<th class=\"table__head\" role=\"cell\" colspan=\"2\" scope=\"col\"><span style=\"vertical-align: inherit;\"><span style=\"vertical-align: inherit;\"><span style=\"vertical-align: inherit;\"><span style=\"vertical-align: inherit;\"><span dir=\"auto\" style=\"vertical-align: inherit;\"><span dir=\"auto\" style=\"vertical-align: inherit;\">Allgemeine Informationen<\/span><\/span><\/span><\/span><\/span><\/span><\/th>\n<\/tr>\n<tr class=\"table__row\" role=\"row\">\n<th class=\"table__cell\" role=\"cell\" scope=\"row\"><span style=\"vertical-align: inherit;\"><span style=\"vertical-align: inherit;\"><span style=\"vertical-align: inherit;\"><span style=\"vertical-align: inherit;\"><span dir=\"auto\" style=\"vertical-align: inherit;\"><span dir=\"auto\" style=\"vertical-align: inherit;\">Unterstaat<\/span><\/span><\/span><\/span><\/span><\/span><\/th>\n<td class=\"table__cell\" role=\"cell\"><span style=\"vertical-align: inherit;\"><span style=\"vertical-align: inherit;\"><span style=\"vertical-align: inherit;\"><span style=\"vertical-align: inherit;\"><span dir=\"auto\" style=\"vertical-align: inherit;\"><span dir=\"auto\" style=\"vertical-align: inherit;\">Neun<\/span><\/span><\/span><\/span><\/span><\/span><\/td>\n<\/tr>\n<tr class=\"table__row\" role=\"row\">\n<th class=\"table__cell\" role=\"cell\" scope=\"row\"><span style=\"vertical-align: inherit;\"><span style=\"vertical-align: inherit;\"><span style=\"vertical-align: inherit;\"><span style=\"vertical-align: inherit;\"><span dir=\"auto\" style=\"vertical-align: inherit;\"><span dir=\"auto\" style=\"vertical-align: inherit;\">Produktkategorie<\/span><\/span><\/span><\/span><\/span><\/span><\/th>\n<td class=\"table__cell\" role=\"cell\"><span style=\"vertical-align: inherit;\"><span style=\"vertical-align: inherit;\"><span style=\"vertical-align: inherit;\"><span style=\"vertical-align: inherit;\"><span dir=\"auto\" style=\"vertical-align: inherit;\"><span dir=\"auto\" style=\"vertical-align: inherit;\">Wohnzimmerkonsole<\/span><\/span><\/span><\/span><\/span><\/span><\/td>\n<\/tr>\n<tr class=\"table__row\" role=\"row\">\n<th class=\"table__cell\" role=\"cell\" scope=\"row\"><span style=\"vertical-align: inherit;\"><span style=\"vertical-align: inherit;\"><span style=\"vertical-align: inherit;\"><span style=\"vertical-align: inherit;\"><span dir=\"auto\" style=\"vertical-align: inherit;\"><span dir=\"auto\" style=\"vertical-align: inherit;\">Herstellerreferenz<\/span><\/span><\/span><\/span><\/span><\/span><\/th>\n<td class=\"table__cell\" role=\"cell\"><span style=\"vertical-align: inherit;\"><span style=\"vertical-align: inherit;\"><span style=\"vertical-align: inherit;\"><span style=\"vertical-align: inherit;\"><span dir=\"auto\" style=\"vertical-align: inherit;\"><span dir=\"auto\" style=\"vertical-align: inherit;\">10010738<\/span><\/span><\/span><\/span><\/span><\/span><\/td>\n<\/tr>\n<tr class=\"table__row\" role=\"row\">\n<th class=\"table__cell\" role=\"cell\" scope=\"row\"><span style=\"vertical-align: inherit;\"><span style=\"vertical-align: inherit;\"><span style=\"vertical-align: inherit;\"><span style=\"vertical-align: inherit;\"><span dir=\"auto\" style=\"vertical-align: inherit;\"><span dir=\"auto\" style=\"vertical-align: inherit;\">Plattform<\/span><\/span><\/span><\/span><\/span><\/span><\/th>\n<td class=\"table__cell\" role=\"cell\"><span style=\"vertical-align: inherit;\"><span style=\"vertical-align: inherit;\"><span style=\"vertical-align: inherit;\"><span style=\"vertical-align: inherit;\"><span dir=\"auto\" style=\"vertical-align: inherit;\"><span dir=\"auto\" style=\"vertical-align: inherit;\">Nintendo Switch<\/span><\/span><\/span><\/span><\/span><\/span><\/td>\n<\/tr>\n<tr class=\"table__row\" role=\"row\">\n<th class=\"table__cell\" role=\"cell\" scope=\"row\"><span style=\"vertical-align: inherit;\"><span style=\"vertical-align: inherit;\"><span style=\"vertical-align: inherit;\"><span style=\"vertical-align: inherit;\"><span dir=\"auto\" style=\"vertical-align: inherit;\"><span dir=\"auto\" style=\"vertical-align: inherit;\">Ausgabe<\/span><\/span><\/span><\/span><\/span><\/span><\/th>\n<td class=\"table__cell\" role=\"cell\"><span style=\"vertical-align: inherit;\"><span style=\"vertical-align: inherit;\"><span style=\"vertical-align: inherit;\"><span style=\"vertical-align: inherit;\"><span dir=\"auto\" style=\"vertical-align: inherit;\"><span dir=\"auto\" style=\"vertical-align: inherit;\">Standard<\/span><\/span><\/span><\/span><\/span><\/span><\/td>\n<\/tr>\n<tr class=\"table__row\" role=\"row\">\n<th class=\"table__cell\" role=\"cell\" scope=\"row\"><span style=\"vertical-align: inherit;\"><span style=\"vertical-align: inherit;\"><span style=\"vertical-align: inherit;\"><span style=\"vertical-align: inherit;\"><span dir=\"auto\" style=\"vertical-align: inherit;\"><span dir=\"auto\" style=\"vertical-align: inherit;\">Produktbeschreibung<\/span><\/span><\/span><\/span><\/span><\/span><\/th>\n<td class=\"table__cell\" role=\"cell\"><span style=\"vertical-align: inherit;\"><span style=\"vertical-align: inherit;\"><span style=\"vertical-align: inherit;\"><span style=\"vertical-align: inherit;\"><span dir=\"auto\" style=\"vertical-align: inherit;\"><span dir=\"auto\" style=\"vertical-align: inherit;\">Erlebe deine Heimkonsole auch ohne Fernseher! <\/span><\/span><\/span><\/span><\/span><\/span><br \/>\n<span style=\"vertical-align: inherit;\"><span style=\"vertical-align: inherit;\"><span style=\"vertical-align: inherit;\"><span style=\"vertical-align: inherit;\"><span dir=\"auto\" style=\"vertical-align: inherit;\"><span dir=\"auto\" style=\"vertical-align: inherit;\">Die Nintendo Switch passt sich deinen Bed\u00fcrfnissen an, damit du deine Spiele unabh\u00e4ngig von deinem Lebensstil genie\u00dfen kannst. <\/span><\/span><\/span><\/span><\/span><span style=\"vertical-align: inherit;\"><span style=\"vertical-align: inherit;\"><span style=\"vertical-align: inherit;\"><span dir=\"auto\" style=\"vertical-align: inherit;\"><span dir=\"auto\" style=\"vertical-align: inherit;\">Es ist eine neue \u00c4ra, in der du deinen Alltag nicht mehr an deine Spielgewohnheiten anpassen musst; deine Konsole passt sich jetzt deinem Lebensstil an. <\/span><\/span><\/span><\/span><\/span><span style=\"vertical-align: inherit;\"><span style=\"vertical-align: inherit;\"><span style=\"vertical-align: inherit;\"><span dir=\"auto\" style=\"vertical-align: inherit;\"><span dir=\"auto\" style=\"vertical-align: inherit;\">Spiele, wo, wann und mit wem du willst! <\/span><\/span><\/span><\/span><\/span><\/span><br \/>\n<span style=\"vertical-align: inherit;\"><span style=\"vertical-align: inherit;\"><span style=\"vertical-align: inherit;\"><span style=\"vertical-align: inherit;\"><span dir=\"auto\" style=\"vertical-align: inherit;\"><span dir=\"auto\" style=\"vertical-align: inherit;\">\u2022 TV-Modus: Spiele mit Freunden auf einem gro\u00dfen Bildschirm. <\/span><\/span><\/span><\/span><\/span><span style=\"vertical-align: inherit;\"><span style=\"vertical-align: inherit;\"><span style=\"vertical-align: inherit;\"><span dir=\"auto\" style=\"vertical-align: inherit;\"><span dir=\"auto\" style=\"vertical-align: inherit;\">Schlie\u00dfe deine Nintendo Switch-Konsole an deinen Fernseher an und spiele in HD. <\/span><\/span><\/span><\/span><\/span><\/span><br \/>\n<span style=\"vertical-align: inherit;\"><span style=\"vertical-align: inherit;\"><span style=\"vertical-align: inherit;\"><span style=\"vertical-align: inherit;\"><span dir=\"auto\" style=\"vertical-align: inherit;\"><span dir=\"auto\" style=\"vertical-align: inherit;\">\u2022 Tischmodus: Teile den Bildschirm, teile den Spa\u00df. <\/span><\/span><\/span><\/span><\/span><span style=\"vertical-align: inherit;\"><span style=\"vertical-align: inherit;\"><span style=\"vertical-align: inherit;\"><span dir=\"auto\" style=\"vertical-align: inherit;\"><span dir=\"auto\" style=\"vertical-align: inherit;\">Nutze den St\u00e4nder, um die Konsole zu halten, und gib einem Freund einen Joy-Con f\u00fcr gemeinsames oder kompetitives Spielen auf dem Konsolenbildschirm. <\/span><\/span><\/span><\/span><\/span><\/span><br \/>\n<span style=\"vertical-align: inherit;\"><span style=\"vertical-align: inherit;\"><span style=\"vertical-align: inherit;\"><span style=\"vertical-align: inherit;\"><span dir=\"auto\" style=\"vertical-align: inherit;\"><span dir=\"auto\" style=\"vertical-align: inherit;\">\u2022 Handheld-Modus: Nimm einen gro\u00dfartigen Bildschirm \u00fcberallhin mit. <\/span><\/span><\/span><\/span><\/span><span style=\"vertical-align: inherit;\"><span style=\"vertical-align: inherit;\"><span style=\"vertical-align: inherit;\"><span dir=\"auto\" style=\"vertical-align: inherit;\"><span dir=\"auto\" style=\"vertical-align: inherit;\">Befestige die Joy-Con-Controller an der Konsole und spiele \u00fcberall.<\/span><\/span><\/span><\/span><\/span><\/span><\/td>\n<\/tr>\n<tr class=\"table__row\" role=\"row\">\n<th class=\"table__cell\" role=\"cell\" scope=\"row\"><span style=\"vertical-align: inherit;\"><span style=\"vertical-align: inherit;\"><span style=\"vertical-align: inherit;\"><span style=\"vertical-align: inherit;\"><span dir=\"auto\" style=\"vertical-align: inherit;\"><span dir=\"auto\" style=\"vertical-align: inherit;\">Hauptfarbe<\/span><\/span><\/span><\/span><\/span><\/span><\/th>\n<td class=\"table__cell\" role=\"cell\"><span style=\"vertical-align: inherit;\"><span style=\"vertical-align: inherit;\"><span style=\"vertical-align: inherit;\"><span style=\"vertical-align: inherit;\"><span dir=\"auto\" style=\"vertical-align: inherit;\"><span dir=\"auto\" style=\"vertical-align: inherit;\">Noir<\/span><\/span><\/span><\/span><\/span><\/span><\/td>\n<\/tr>\n<tr class=\"table__row\" role=\"row\">\n<th class=\"table__cell\" role=\"cell\" scope=\"row\"><span style=\"vertical-align: inherit;\"><span style=\"vertical-align: inherit;\"><span style=\"vertical-align: inherit;\"><span style=\"vertical-align: inherit;\"><span dir=\"auto\" style=\"vertical-align: inherit;\"><span dir=\"auto\" style=\"vertical-align: inherit;\">Markteinf\u00fchrungsdatum<\/span><\/span><\/span><\/span><\/span><\/span><\/th>\n<td class=\"table__cell\" role=\"cell\"><span style=\"vertical-align: inherit;\"><span style=\"vertical-align: inherit;\"><span style=\"vertical-align: inherit;\"><span style=\"vertical-align: inherit;\"><span dir=\"auto\" style=\"vertical-align: inherit;\"><span dir=\"auto\" style=\"vertical-align: inherit;\">14. Oktober 2022<\/span><\/span><\/span><\/span><\/span><\/span><\/td>\n<\/tr>\n<tr class=\"table__row\" role=\"row\">\n<th class=\"table__cell\" role=\"cell\" scope=\"row\"><span style=\"vertical-align: inherit;\"><span style=\"vertical-align: inherit;\"><span style=\"vertical-align: inherit;\"><span style=\"vertical-align: inherit;\"><span dir=\"auto\" style=\"vertical-align: inherit;\"><span dir=\"auto\" style=\"vertical-align: inherit;\">Modell<\/span><\/span><\/span><\/span><\/span><\/span><\/th>\n<td class=\"table__cell\" role=\"cell\"><span style=\"vertical-align: inherit;\"><span style=\"vertical-align: inherit;\"><span style=\"vertical-align: inherit;\"><span style=\"vertical-align: inherit;\"><span dir=\"auto\" style=\"vertical-align: inherit;\"><span dir=\"auto\" style=\"vertical-align: inherit;\">Kultig | <\/span><\/span><\/span><\/span><\/span><span style=\"vertical-align: inherit;\"><span style=\"vertical-align: inherit;\"><span style=\"vertical-align: inherit;\"><span dir=\"auto\" style=\"vertical-align: inherit;\"><span dir=\"auto\" style=\"vertical-align: inherit;\">Neon<\/span><\/span><\/span><\/span><\/span><\/span><\/td>\n<\/tr>\n<tr class=\"table__row\" role=\"row\">\n<th class=\"table__cell\" role=\"cell\" scope=\"row\"><span style=\"vertical-align: inherit;\"><span style=\"vertical-align: inherit;\"><span style=\"vertical-align: inherit;\"><span style=\"vertical-align: inherit;\"><span dir=\"auto\" style=\"vertical-align: inherit;\"><span dir=\"auto\" style=\"vertical-align: inherit;\">Verbindungsplattform<\/span><\/span><\/span><\/span><\/span><\/span><\/th>\n<td class=\"table__cell\" role=\"cell\"><span style=\"vertical-align: inherit;\"><span style=\"vertical-align: inherit;\"><span style=\"vertical-align: inherit;\"><span style=\"vertical-align: inherit;\"><span dir=\"auto\" style=\"vertical-align: inherit;\"><span dir=\"auto\" style=\"vertical-align: inherit;\">Nintendo Switch Online<\/span><\/span><\/span><\/span><\/span><\/span><\/td>\n<\/tr>\n<tr class=\"table__row\" role=\"row\">\n<th class=\"table__cell\" role=\"cell\" scope=\"row\"><span style=\"vertical-align: inherit;\"><span style=\"vertical-align: inherit;\"><span style=\"vertical-align: inherit;\"><span style=\"vertical-align: inherit;\"><span dir=\"auto\" style=\"vertical-align: inherit;\"><span dir=\"auto\" style=\"vertical-align: inherit;\">Online-Mehrspielerzugriff<\/span><\/span><\/span><\/span><\/span><\/span><\/th>\n<td class=\"table__cell\" role=\"cell\"><span style=\"vertical-align: inherit;\"><span style=\"vertical-align: inherit;\"><span style=\"vertical-align: inherit;\"><span style=\"vertical-align: inherit;\"><span dir=\"auto\" style=\"vertical-align: inherit;\"><span dir=\"auto\" style=\"vertical-align: inherit;\">Nintendo Switch Online-Abonnement erforderlich<\/span><\/span><\/span><\/span><\/span><\/span><\/td>\n<\/tr>\n<\/tbody>\n<\/table>\n","protected":false},"excerpt":{"rendered":"<p><span class=\"fpBlocTitle\"><span style=\"vertical-align: inherit;\"><span style=\"vertical-align: inherit;\"><span style=\"vertical-align: inherit;\"><span style=\"vertical-align: inherit;\"><span dir=\"auto\" style=\"vertical-align: inherit;\"><span dir=\"auto\" style=\"vertical-align: inherit;\">Hauptmerkmale:<\/span><\/span><\/span><\/span><\/span><\/span><\/span><\/p>\n<ul>\n<li><span style=\"vertical-align: inherit;\"><span style=\"vertical-align: inherit;\"><span style=\"vertical-align: inherit;\"><span style=\"vertical-align: inherit;\"><span dir=\"auto\" style=\"vertical-align: inherit;\"><span dir=\"auto\" style=\"vertical-align: inherit;\">Marke: Nintendo<\/span><\/span><\/span><\/span><\/span><\/span><\/li>\n<li><span style=\"vertical-align: inherit;\"><span style=\"vertical-align: inherit;\"><span style=\"vertical-align: inherit;\"><span style=\"vertical-align: inherit;\"><span dir=\"auto\" style=\"vertical-align: inherit;\"><span dir=\"auto\" style=\"vertical-align: inherit;\">Wohnzimmerkonsole<\/span><\/span><\/span><\/span><\/span><\/span><\/li>\n<li><span style=\"vertical-align: inherit;\"><span style=\"vertical-align: inherit;\"><span style=\"vertical-align: inherit;\"><span style=\"vertical-align: inherit;\"><span dir=\"auto\" style=\"vertical-align: inherit;\"><span dir=\"auto\" style=\"vertical-align: inherit;\">Plattform: Nintendo Switch<\/span><\/span><\/span><\/span><\/span><\/span><\/li>\n<li><span style=\"vertical-align: inherit;\"><span style=\"vertical-align: inherit;\"><span style=\"vertical-align: inherit;\"><span style=\"vertical-align: inherit;\"><span dir=\"auto\" style=\"vertical-align: inherit;\"><span dir=\"auto\" style=\"vertical-align: inherit;\">Modell: Iconic | <\/span><\/span><\/span><\/span><\/span><span style=\"vertical-align: inherit;\"><span style=\"vertical-align: inherit;\"><span style=\"vertical-align: inherit;\"><span dir=\"auto\" style=\"vertical-align: inherit;\"><span dir=\"auto\" style=\"vertical-align: inherit;\">Neon<\/span><\/span><\/span><\/span><\/span><\/span><\/li>\n<li><span style=\"vertical-align: inherit;\"><span style=\"vertical-align: inherit;\"><span style=\"vertical-align: inherit;\"><span style=\"vertical-align: inherit;\"><span dir=\"auto\" style=\"vertical-align: inherit;\"><span dir=\"auto\" style=\"vertical-align: inherit;\">Ausgabe: Standard<\/span><\/span><\/span><\/span><\/span><\/span><\/li>\n<\/ul>\n","protected":false},"featured_media":5476,"comment_status":"open","ping_status":"closed","template":"","meta":{"_acf_changed":false},"product_brand":[],"product_cat":[377,194],"product_tag":[],"class_list":{"0":"post-5472","1":"product","2":"type-product","3":"status-publish","4":"has-post-thumbnail","6":"product_cat-non-classe","7":"product_cat-nintendo","9":"first","10":"instock","11":"shipping-taxable","12":"purchasable","13":"product-type-simple"},"acf":[],"_links":{"self":[{"href":"https:\/\/spielkonso-shop.com\/index.php?rest_route=\/wp\/v2\/product\/5472","targetHints":{"allow":["GET"]}}],"collection":[{"href":"https:\/\/spielkonso-shop.com\/index.php?rest_route=\/wp\/v2\/product"}],"about":[{"href":"https:\/\/spielkonso-shop.com\/index.php?rest_route=\/wp\/v2\/types\/product"}],"replies":[{"embeddable":true,"href":"https:\/\/spielkonso-shop.com\/index.php?rest_route=%2Fwp%2Fv2%2Fcomments&post=5472"}],"version-history":[{"count":4,"href":"https:\/\/spielkonso-shop.com\/index.php?rest_route=\/wp\/v2\/product\/5472\/revisions"}],"predecessor-version":[{"id":12303,"href":"https:\/\/spielkonso-shop.com\/index.php?rest_route=\/wp\/v2\/product\/5472\/revisions\/12303"}],"wp:featuredmedia":[{"embeddable":true,"href":"https:\/\/spielkonso-shop.com\/index.php?rest_route=\/wp\/v2\/media\/5476"}],"wp:attachment":[{"href":"https:\/\/spielkonso-shop.com\/index.php?rest_route=%2Fwp%2Fv2%2Fmedia&parent=5472"}],"wp:term":[{"taxonomy":"product_brand","embeddable":true,"href":"https:\/\/spielkonso-shop.com\/index.php?rest_route=%2Fwp%2Fv2%2Fproduct_brand&post=5472"},{"taxonomy":"product_cat","embeddable":true,"href":"https:\/\/spielkonso-shop.com\/index.php?rest_route=%2Fwp%2Fv2%2Fproduct_cat&post=5472"},{"taxonomy":"product_tag","embeddable":true,"href":"https:\/\/spielkonso-shop.com\/index.php?rest_route=%2Fwp%2Fv2%2Fproduct_tag&post=5472"}],"curies":[{"name":"wp","href":"https:\/\/api.w.org\/{rel}","templated":true}]}}